{"id":2360,"date":"2019-03-13T12:56:31","date_gmt":"2019-03-13T12:56:31","guid":{"rendered":"http:\/\/orthopaediehaus-jahe.de\/?page_id=2360"},"modified":"2019-03-13T12:56:42","modified_gmt":"2019-03-13T12:56:42","slug":"impressum","status":"publish","type":"page","link":"http:\/\/orthopaediehaus-jahe.de\/?page_id=2360","title":{"rendered":"Impressum"},"content":{"rendered":"\n\n    <section class=\"u-clearfix u-section-1\" id=\"sec-0cd3\"><div class=\"u-clearfix u-sheet u-sheet-1\">\n            <h1 class=\"u-heading-font u-text u-title u-text-1\">Impressum<\/h1>\n            <p class=\"u-text u-text-2\"><b>Angaben gem\u00e4\u00df \u00a75 Telemediengesetz:\n<\/b><br>Orthop\u00e4diehaus\n                <br>Jahe Langermeier\n                <br>Salzstra\u00dfe 1\n                <br>87600 Kaufbeuren\n                <br>\n                <br><b>Kontakt und Support:\n<\/b><br>Telefon: 08341-9993580\n                <br>Fax: 08341-9993581\n                <br>E-Mail: info@orthopaediehaus-jahe.de\n                <br>\n                <br><b>Webseite:\n<\/b><br>http:\/\/www.orthopaediehaus-jahe.de\n                <br>\n                <br><b>Umsatzsteuer-Identifikationsnummer gem\u00e4\u00df \u00a727 a Umsatzsteuergesetz:<\/b>&nbsp;<br>DE285384681\n                <br>\n                <br><b>Berufsrechtliche Regelungen:<\/b>\n                <br>Betriebsleiter: Jahe Langermeier\n                <br>Orthop\u00e4dietechniker (Bundesrepublik Deutschland)\n                <br>Handwerkskammer f\u00fcr Schwaben, Augsburg\n                <br>Handwerksordnung (<a href=\"http:\/\/www.gesetze-im-internet.de\/\" target=\"_blank\">www.gesetze-im-internet.de\/<\/a><br>bundesrecht\/hwo\/gesamt.pdf)\n                <br>\n                <b><br>Verantwortlich f\u00fcr redaktionelle Inhalte:<\/b><br>Jahe Langermeier\n                <br>Salzstra\u00dfe 1\n                <br>87600 Kaufbeuren\n                <br>Telefon: 08341-9993580\n                <br>Fax: 08341-9993581<b>\n<br>\n<br>Haftungsinformation:<\/b><br>Trotz sorgf\u00e4ltiger inhaltlicher Kontrolle \u00fcbernehmen wir keine Haftung f\u00fcr die Inhalte externer Links.\n                <br>F\u00fcr den Inhalt der verlinkten Seiten sind ausschlie\u00dflich deren Betreiber verantwortlich.\n                <br><br><b>Bildnachweis:&nbsp;<\/b><br>Wir danken den nachfolgend aufgef\u00fchrten Firmen f\u00fcr die freundliche Erlaubnis zur Verwendung von Produkt- und Werbefotos auf unserer Website:\n                <br>- medi GmbH &amp; Co. KG \u2013 <a href=\"http:\/\/www.medi.de\" target=\"_blank\">http:\/\/www.medi.de<\/a><br>- Ottobock \u2013 <a href=\"http:\/\/www.ottobock.com\" target=\"_blank\">http:\/\/www.ottobock.com<\/a><br><br><b>Bildquellen und \u2013rechte:&nbsp;<\/b><br>Vervielf\u00e4ltigungen\n                jeglicher Art der Inhalte dieses Internetangebotes sind nur mit ausdr\u00fccklicher Zustimmung des Seitenbetreibers gestattet.\n                <br>Alle Grafiken d\u00fcrfen ohne schriftliche Zustimmung weder kopiert, verbreitet oder ver\u00e4ndert werden.<br><br><b>Webdesign - Webprogrammierung:<\/b><br>WENDTSTORE e.K. - <a href=\"http:\/\/www.wendtstore.de\" target=\"_blank\">http:\/\/www.wendtstore.de<\/a><br><\/p>\n        <\/div><\/section>\n","protected":false},"excerpt":{"rendered":"<p>Impressum Angaben gem\u00e4\u00df \u00a75 Telemediengesetz: Orthop\u00e4diehaus Jahe Langermeier Salzstra\u00dfe 1 87600 Kaufbeuren Kontakt und Support: Telefon: 08341-9993580 Fax: 08341-9993581 E-Mail: info@orthopaediehaus-jahe.de Webseite: http:\/\/www.orthopaediehaus-jahe.de Umsatzsteuer-Identifikationsnummer gem\u00e4\u00df \u00a727 a Umsatzsteuergesetz:&nbsp;DE285384681 Berufsrechtliche Regelungen: Betriebsleiter: Jahe Langermeier Orthop\u00e4dietechniker (Bundesrepublik Deutschland) Handwerkskammer f\u00fcr Schwaben, Augsburg Handwerksordnung (www.gesetze-im-internet.de\/bundesrecht\/hwo\/gesamt.pdf) Verantwortlich f\u00fcr redaktionelle Inhalte:Jahe Langermeier Salzstra\u00dfe 1 87600 Kaufbeuren Telefon: 08341-9993580 Fax: 08341-9993581 &hellip; <a href=\"http:\/\/orthopaediehaus-jahe.de\/?page_id=2360\" class=\"more-link\">Continue reading<span class=\"screen-reader-text\"> &#8222;Impressum&#8220;<\/span><\/a><\/p>\n","protected":false},"author":1,"featured_media":0,"parent":0,"menu_order":1,"comment_status":"closed","ping_status":"closed","template":"","meta":[],"_links":{"self":[{"href":"http:\/\/orthopaediehaus-jahe.de\/index.php?rest_route=\/wp\/v2\/pages\/2360"}],"collection":[{"href":"http:\/\/orthopaediehaus-jahe.de\/index.php?rest_route=\/wp\/v2\/pages"}],"about":[{"href":"http:\/\/orthopaediehaus-jahe.de\/index.php?rest_route=\/wp\/v2\/types\/page"}],"author":[{"embeddable":true,"href":"http:\/\/orthopaediehaus-jahe.de\/index.php?rest_route=\/wp\/v2\/users\/1"}],"replies":[{"embeddable":true,"href":"http:\/\/orthopaediehaus-jahe.de\/index.php?rest_route=%2Fwp%2Fv2%2Fcomments&post=2360"}],"version-history":[{"count":1,"href":"http:\/\/orthopaediehaus-jahe.de\/index.php?rest_route=\/wp\/v2\/pages\/2360\/revisions"}],"predecessor-version":[{"id":2382,"href":"http:\/\/orthopaediehaus-jahe.de\/index.php?rest_route=\/wp\/v2\/pages\/2360\/revisions\/2382"}],"wp:attachment":[{"href":"http:\/\/orthopaediehaus-jahe.de\/index.php?rest_route=%2Fwp%2Fv2%2Fmedia&parent=2360"}],"curies":[{"name":"wp","href":"https:\/\/api.w.org\/{rel}","templated":true}]}}