{"id":2366,"date":"2019-03-13T12:56:34","date_gmt":"2019-03-13T12:56:34","guid":{"rendered":"http:\/\/orthopaediehaus-jahe.de\/?page_id=2366"},"modified":"2019-03-13T12:56:42","modified_gmt":"2019-03-13T12:56:42","slug":"prothesen","status":"publish","type":"page","link":"http:\/\/orthopaediehaus-jahe.de\/?page_id=2366","title":{"rendered":"Prothesen"},"content":{"rendered":"\n\n    <section class=\"u-clearfix u-section-1\" id=\"sec-87f6\"><div class=\"u-clearfix u-sheet u-sheet-1\">\n            <h1 class=\"u-heading-font u-text u-title u-text-1\">Prothesen<\/h1>\n            <p class=\"u-text u-text-2\">Im Orthop\u00e4diehaus Jahe Langermeier erhalten Sie die innovative L\u00f6sungen f\u00fcr Ihre Prothese.\n                <br>Wir passen diese individuell auf Ihre Bed\u00fcrfnisse und W\u00fcnsche an und garantieren Ihnen eine objektive Beratung und Versorgung auf h\u00f6chstem Niveau.<\/p><img src=\"http:\/\/orthopaediehaus-jahe.de\/wp-content\/uploads\/2019\/03\/0-9.jpg\" alt=\"\" class=\"u-border-radius-10 u-image u-image-round u-image-1\" data-image-width=\"640\" data-image-height=\"480\">\n            <p class=\"u-text u-text-3\">Bei einer Neuversorgung entwickeln wir gemeinsam mit Ihren \u00c4rzten und Therapeuten das passende Versorgungskonzept.\n                <br>Zun\u00e4chst wird eine Interimsprothese angefertigt, mit der Sie einige Wochen Probe laufen.<\/p><img src=\"http:\/\/orthopaediehaus-jahe.de\/wp-content\/uploads\/2019\/03\/5-8.jpg\" alt=\"\" class=\"u-border-radius-10 u-image u-image-round u-image-2\" data-image-width=\"640\" data-image-height=\"959\"><img src=\"http:\/\/orthopaediehaus-jahe.de\/wp-content\/uploads\/2019\/03\/1-8.jpg\" alt=\"\" class=\"u-border-radius-10 u-image u-image-round u-image-3\" data-image-width=\"640\" data-image-height=\"959\">\n            <img src=\"http:\/\/orthopaediehaus-jahe.de\/wp-content\/uploads\/2019\/03\/21-7.jpg\" alt=\"\" class=\"u-border-radius-10 u-image u-image-round u-image-4\" data-image-width=\"640\" data-image-height=\"960\"><img src=\"http:\/\/orthopaediehaus-jahe.de\/wp-content\/uploads\/2019\/03\/7-8.jpg\" alt=\"\" class=\"u-border-radius-10 u-image u-image-round u-image-5\" data-image-width=\"640\" data-image-height=\"959\"><img src=\"http:\/\/orthopaediehaus-jahe.de\/wp-content\/uploads\/2019\/03\/3-9.jpg\" alt=\"\" class=\"u-border-radius-10 u-image u-image-round u-image-6\" data-image-width=\"640\" data-image-height=\"959\"><img src=\"http:\/\/orthopaediehaus-jahe.de\/wp-content\/uploads\/2019\/03\/4-8.jpg\" alt=\"\" class=\"u-border-radius-10 u-image u-image-round u-image-7\" data-image-width=\"640\" data-image-height=\"959\">\n            <p class=\"u-text u-text-4\">Nach etwa sechs Monaten wird es dann Zeit f\u00fcr Ihre dauerhafte Prothese.\n                <br>So wie sich unser K\u00f6rper im Laufe des Lebens ver\u00e4ndert, ver\u00e4ndern sich auch die Situationen, in denen die Prothese Sicherheit geben muss und notwendige Bewegungsabl\u00e4ufe erm\u00f6glichen soll.<\/p><img src=\"http:\/\/orthopaediehaus-jahe.de\/wp-content\/uploads\/2019\/03\/8-8.jpg\" alt=\"\" class=\"u-border-radius-10 u-image u-image-round u-image-8\" data-image-width=\"640\" data-image-height=\"427\">\n            <p class=\"u-text u-text-5\">Damit Sie im Beruf, aber auch beim Sport und in der Freizeit all Ihre Interessen verfolgen k\u00f6nnen, fertigen wir Prothesen f\u00fcr unterschiedlichste Anforderungsprofile an, die durch optimale Funktionalit\u00e4t, Tragekomfort, Optik und modernste Technologie\n                \u00fcberzeugen.\n                <br><\/p>\n        <\/div><\/section>\n","protected":false},"excerpt":{"rendered":"<p>Prothesen Im Orthop\u00e4diehaus Jahe Langermeier erhalten Sie die innovative L\u00f6sungen f\u00fcr Ihre Prothese. Wir passen diese individuell auf Ihre Bed\u00fcrfnisse und W\u00fcnsche an und garantieren Ihnen eine objektive Beratung und Versorgung auf h\u00f6chstem Niveau. Bei einer Neuversorgung entwickeln wir gemeinsam mit Ihren \u00c4rzten und Therapeuten das passende Versorgungskonzept. Zun\u00e4chst wird eine Interimsprothese angefertigt, mit der &hellip; <a href=\"http:\/\/orthopaediehaus-jahe.de\/?page_id=2366\" class=\"more-link\">Continue reading<span class=\"screen-reader-text\"> &#8222;Prothesen&#8220;<\/span><\/a><\/p>\n","protected":false},"author":1,"featured_media":0,"parent":0,"menu_order":4,"comment_status":"closed","ping_status":"closed","template":"","meta":[],"_links":{"self":[{"href":"http:\/\/orthopaediehaus-jahe.de\/index.php?rest_route=\/wp\/v2\/pages\/2366"}],"collection":[{"href":"http:\/\/orthopaediehaus-jahe.de\/index.php?rest_route=\/wp\/v2\/pages"}],"about":[{"href":"http:\/\/orthopaediehaus-jahe.de\/index.php?rest_route=\/wp\/v2\/types\/page"}],"author":[{"embeddable":true,"href":"http:\/\/orthopaediehaus-jahe.de\/index.php?rest_route=\/wp\/v2\/users\/1"}],"replies":[{"embeddable":true,"href":"http:\/\/orthopaediehaus-jahe.de\/index.php?rest_route=%2Fwp%2Fv2%2Fcomments&post=2366"}],"version-history":[{"count":1,"href":"http:\/\/orthopaediehaus-jahe.de\/index.php?rest_route=\/wp\/v2\/pages\/2366\/revisions"}],"predecessor-version":[{"id":2385,"href":"http:\/\/orthopaediehaus-jahe.de\/index.php?rest_route=\/wp\/v2\/pages\/2366\/revisions\/2385"}],"wp:attachment":[{"href":"http:\/\/orthopaediehaus-jahe.de\/index.php?rest_route=%2Fwp%2Fv2%2Fmedia&parent=2366"}],"curies":[{"name":"wp","href":"https:\/\/api.w.org\/{rel}","templated":true}]}}