{"id":2368,"date":"2019-03-13T12:56:35","date_gmt":"2019-03-13T12:56:35","guid":{"rendered":"http:\/\/orthopaediehaus-jahe.de\/?page_id=2368"},"modified":"2019-03-13T12:56:42","modified_gmt":"2019-03-13T12:56:42","slug":"ueber-uns","status":"publish","type":"page","link":"http:\/\/orthopaediehaus-jahe.de\/?page_id=2368","title":{"rendered":"\u00dcber uns"},"content":{"rendered":"\n\n    <section class=\"u-clearfix u-section-1\" id=\"sec-ec34\"><div class=\"u-clearfix u-sheet u-sheet-1\">\n            <h1 class=\"u-text u-text-1\">\u00dcber uns<\/h1>\n            <p class=\"u-text u-text-2\">Das&nbsp;Orthop\u00e4diehaus Jahe Langermeier&nbsp;befindet sich in Oberbeuren,&nbsp;einem Stadtteil von Kaufbeuren, in zentraler Lage.&nbsp;<br>Der Eingang ist rollstuhlgerecht. Kostenlose Parkpl\u00e4tze befinden sich direkt vor dem Gesch\u00e4ft.&nbsp;<br><br>Unser\n                Unternehmen wurde von Herrn Jahe Langermeier im Jahr 2012 in Oberbeuren gegr\u00fcndet.&nbsp;<br>Im Jahr 2013 wurde unser Unternehmen nach&nbsp;ISO 9001:2015 zertifiziert.&nbsp;<br><br>Herr Langermeier verf\u00fcgt \u00fcber eine mehr als 25-j\u00e4hrige\n                Berufserfahrung.&nbsp;\n                <br>Durch die Kooperation mit den Marktf\u00fchrern der orthop\u00e4dischen Industrie sind wir stets am Puls&nbsp;der Zeit und verf\u00fcgen immer \u00fcber die neuesten Entwicklungen.<br><\/p><img src=\"http:\/\/orthopaediehaus-jahe.de\/wp-content\/uploads\/2019\/03\/ueber_uns-7.jpg\" alt=\"\" class=\"u-border-radius-10 u-image u-image-round u-image-1\" data-image-width=\"480\" data-image-height=\"360\">\n            <p class=\"u-text u-text-3\"><b>F\u00fcr die Qualit\u00e4t meiner Arbeit stehe ich mit meinem Namen<\/b><br><b>Jahe Langermeier&nbsp; - <i>Orthop\u00e4dietechniker<\/i> -<\/b><br><br>Lassen Sie sich von meiner Kompetenz \u00fcberraschen!<\/p>\n        <\/div><\/section>\n","protected":false},"excerpt":{"rendered":"<p>\u00dcber uns Das&nbsp;Orthop\u00e4diehaus Jahe Langermeier&nbsp;befindet sich in Oberbeuren,&nbsp;einem Stadtteil von Kaufbeuren, in zentraler Lage.&nbsp;Der Eingang ist rollstuhlgerecht. Kostenlose Parkpl\u00e4tze befinden sich direkt vor dem Gesch\u00e4ft.&nbsp;Unser Unternehmen wurde von Herrn Jahe Langermeier im Jahr 2012 in Oberbeuren gegr\u00fcndet.&nbsp;Im Jahr 2013 wurde unser Unternehmen nach&nbsp;ISO 9001:2015 zertifiziert.&nbsp;Herr Langermeier verf\u00fcgt \u00fcber eine mehr als 25-j\u00e4hrige Berufserfahrung.&nbsp; Durch die &hellip; <a href=\"http:\/\/orthopaediehaus-jahe.de\/?page_id=2368\" class=\"more-link\">Continue reading<span class=\"screen-reader-text\"> &#8222;\u00dcber uns&#8220;<\/span><\/a><\/p>\n","protected":false},"author":1,"featured_media":0,"parent":0,"menu_order":5,"comment_status":"closed","ping_status":"closed","template":"","meta":[],"_links":{"self":[{"href":"http:\/\/orthopaediehaus-jahe.de\/index.php?rest_route=\/wp\/v2\/pages\/2368"}],"collection":[{"href":"http:\/\/orthopaediehaus-jahe.de\/index.php?rest_route=\/wp\/v2\/pages"}],"about":[{"href":"http:\/\/orthopaediehaus-jahe.de\/index.php?rest_route=\/wp\/v2\/types\/page"}],"author":[{"embeddable":true,"href":"http:\/\/orthopaediehaus-jahe.de\/index.php?rest_route=\/wp\/v2\/users\/1"}],"replies":[{"embeddable":true,"href":"http:\/\/orthopaediehaus-jahe.de\/index.php?rest_route=%2Fwp%2Fv2%2Fcomments&post=2368"}],"version-history":[{"count":1,"href":"http:\/\/orthopaediehaus-jahe.de\/index.php?rest_route=\/wp\/v2\/pages\/2368\/revisions"}],"predecessor-version":[{"id":2386,"href":"http:\/\/orthopaediehaus-jahe.de\/index.php?rest_route=\/wp\/v2\/pages\/2368\/revisions\/2386"}],"wp:attachment":[{"href":"http:\/\/orthopaediehaus-jahe.de\/index.php?rest_route=%2Fwp%2Fv2%2Fmedia&parent=2368"}],"curies":[{"name":"wp","href":"https:\/\/api.w.org\/{rel}","templated":true}]}}