{"id":2372,"date":"2019-03-13T12:56:37","date_gmt":"2019-03-13T12:56:37","guid":{"rendered":"http:\/\/orthopaediehaus-jahe.de\/?page_id=2372"},"modified":"2019-03-13T12:56:42","modified_gmt":"2019-03-13T12:56:42","slug":"und-vieles-mehr","status":"publish","type":"page","link":"http:\/\/orthopaediehaus-jahe.de\/?page_id=2372","title":{"rendered":"und vieles mehr"},"content":{"rendered":"\n\n    <section class=\"u-clearfix u-section-1\" id=\"sec-08ba\"><div class=\"u-clearfix u-sheet u-sheet-1\">\n            <h1 class=\"u-heading-font u-text u-title u-text-1\">und vieles mehr<\/h1>\n            <p class=\"u-text u-text-2\">F\u00fcr Ihre <b>Gesundheit<\/b> und Ihr <b>Wohlbefinden<\/b> bieten wir Ihnen in <b>unserem Orthop\u00e4diehaus<\/b> ein Sortiment <b>weiterer Produkte<\/b>,\n                <br>wie z.B. <b>Blutdruckmessger\u00e4te<\/b>, <b>Nackenkissen<\/b>, <b>Sitzkeile<\/b>, <b>Thera-B\u00e4nder<\/b> und <b>W\u00e4rmekissen<\/b>.<\/p><img src=\"http:\/\/orthopaediehaus-jahe.de\/wp-content\/uploads\/2019\/03\/produktuebersicht-7.jpg\" alt=\"\" class=\"u-expanded-width-sm u-expanded-width-xs u-image u-image-default u-image-1\" data-image-width=\"1200\" data-image-height=\"300\"><\/div><\/section>\n","protected":false},"excerpt":{"rendered":"<p>und vieles mehr F\u00fcr Ihre Gesundheit und Ihr Wohlbefinden bieten wir Ihnen in unserem Orthop\u00e4diehaus ein Sortiment weiterer Produkte, wie z.B. Blutdruckmessger\u00e4te, Nackenkissen, Sitzkeile, Thera-B\u00e4nder und W\u00e4rmekissen.<\/p>\n","protected":false},"author":1,"featured_media":0,"parent":0,"menu_order":7,"comment_status":"closed","ping_status":"closed","template":"","meta":[],"_links":{"self":[{"href":"http:\/\/orthopaediehaus-jahe.de\/index.php?rest_route=\/wp\/v2\/pages\/2372"}],"collection":[{"href":"http:\/\/orthopaediehaus-jahe.de\/index.php?rest_route=\/wp\/v2\/pages"}],"about":[{"href":"http:\/\/orthopaediehaus-jahe.de\/index.php?rest_route=\/wp\/v2\/types\/page"}],"author":[{"embeddable":true,"href":"http:\/\/orthopaediehaus-jahe.de\/index.php?rest_route=\/wp\/v2\/users\/1"}],"replies":[{"embeddable":true,"href":"http:\/\/orthopaediehaus-jahe.de\/index.php?rest_route=%2Fwp%2Fv2%2Fcomments&post=2372"}],"version-history":[{"count":1,"href":"http:\/\/orthopaediehaus-jahe.de\/index.php?rest_route=\/wp\/v2\/pages\/2372\/revisions"}],"predecessor-version":[{"id":2388,"href":"http:\/\/orthopaediehaus-jahe.de\/index.php?rest_route=\/wp\/v2\/pages\/2372\/revisions\/2388"}],"wp:attachment":[{"href":"http:\/\/orthopaediehaus-jahe.de\/index.php?rest_route=%2Fwp%2Fv2%2Fmedia&parent=2372"}],"curies":[{"name":"wp","href":"https:\/\/api.w.org\/{rel}","templated":true}]}}