{"id":2374,"date":"2019-03-13T12:56:38","date_gmt":"2019-03-13T12:56:38","guid":{"rendered":"http:\/\/orthopaediehaus-jahe.de\/?page_id=2374"},"modified":"2019-03-13T12:56:42","modified_gmt":"2019-03-13T12:56:42","slug":"orthopaedische-einlagen","status":"publish","type":"page","link":"http:\/\/orthopaediehaus-jahe.de\/?page_id=2374","title":{"rendered":"Orthop\u00e4dische Einlagen"},"content":{"rendered":"\n\n    <section class=\"u-clearfix u-section-1\" id=\"sec-3325\"><div class=\"u-clearfix u-sheet u-sheet-1\">\n            <h1 class=\"u-heading-font u-text u-title u-text-1\">Orthop\u00e4dische Einlagen<\/h1>\n            <p class=\"u-text u-text-2\">Basierend auf dem \u00e4rztlichen Rezept wird in einem ausf\u00fchrlichen Patientengespr\u00e4ch gekl\u00e4rt,\n                <br>welcher Einlagentyp und welche Materialien f\u00fcr die Korrektur der Fehlstellung ideal sind und zu Ihrem Schuhwerk passen.\n                <br>Danach wird ein Formabdruck Ihrer F\u00fc\u00dfe gefertigt.\n                <br>\n                <br>Mit diesen notwendigen Informationen werden Ihre Einlagen durch unseren Orthop\u00e4dietechniker individuell f\u00fcr Sie hergestellt.&nbsp;<br><\/p><img alt=\"\" class=\"u-border-radius-10 u-image u-image-round u-image-1\" data-image-width=\"300\" data-image-height=\"300\" src=\"http:\/\/orthopaediehaus-jahe.de\/wp-content\/uploads\/2019\/03\/einlagen300x300-7.jpg\"><img alt=\"\" class=\"u-border-radius-10 u-image u-image-round u-image-2\" data-image-width=\"300\" data-image-height=\"300\" src=\"http:\/\/orthopaediehaus-jahe.de\/wp-content\/uploads\/2019\/03\/schuhe300x300-7.jpg\">\n            <img src=\"http:\/\/orthopaediehaus-jahe.de\/wp-content\/uploads\/2019\/03\/schuhe1_300x300-7.jpg\" alt=\"\" class=\"u-border-radius-10 u-image u-image-round u-image-3\" data-image-width=\"300\" data-image-height=\"300\">\n            <p class=\"u-text u-text-3\">Passend zu den orthop\u00e4dischen Einlagen finden Sie bei uns eine Auswahl bequemer Schuhe f\u00fcr lose Einlagen.<\/p>\n            <div class=\"u-border-3 u-border-grey-dark-1 u-line u-line-horizontal u-line-1\"><\/div>\n            <h1 class=\"u-heading-font u-text u-title u-text-4\">Diabetes<\/h1>\n            <p class=\"u-text u-text-5\">Diabetesadaptierte Fu\u00dfbettung und konfektionierte Schutzschuhe f\u00fcr Diabetiker\n                <br>Das diabetische Fu\u00dfsyndrom, auch diabetischer Fu\u00df genannt, ist eine h\u00e4ufige Folgeerkrankung bei Diabetes mellitus. Grund daf\u00fcr sind entweder Sch\u00e4digungen der Nerven, welche sich auf das Schmerzempfinden auswirken, oder Sch\u00e4digungen\n                an den Blutgef\u00e4\u00dfen, welche zu Durchblutungsst\u00f6rungen f\u00fchren. Au\u00dferdem kann Diabetes die Schwei\u00dfproduktion beeintr\u00e4chtigen, was die Haut trocken, rissig und anf\u00e4llig f\u00fcr Verletzungen macht.\n                <br>\n                <br>Aufgrund der gest\u00f6rten Schmerz- und Tastempfindungen sowie ver\u00e4nderter Bewegungsabl\u00e4ufe bemerken Diabetiker kleine Verletzungen an den F\u00fc\u00dfen oft nicht, wodurch Druckstellen und Wunden entstehen k\u00f6nnen. Daher wird Diabetikern empfohlen,\n                die F\u00fc\u00dfe gr\u00fcndlich auf Ver\u00e4nderungen zu untersuchen.\n                <br>\n                <br>Bei der orthop\u00e4dischen Versorgung durch unsere Orthop\u00e4dietechniker werden Einlagen mit spezieller Polsterung zur Druckentlastung angefertigt, um eine ideale Entlastung des Fu\u00dfes zu erreichen.<\/p><img src=\"http:\/\/orthopaediehaus-jahe.de\/wp-content\/uploads\/2019\/03\/schuhe1unten-7.jpg\" alt=\"\" class=\"u-border-radius-10 u-image u-image-round u-image-4\" data-image-width=\"480\" data-image-height=\"320\"><img src=\"http:\/\/orthopaediehaus-jahe.de\/wp-content\/uploads\/2019\/03\/Schuhe2unten-7.jpg\" alt=\"\" class=\"u-border-radius-10 u-image u-image-round u-image-5\" data-image-width=\"480\" data-image-height=\"320\">\n            <p class=\"u-text u-text-6\">Bei uns erhalten Sie ebenfalls konfektionierte Schutzschuhe f\u00fcr Diabetiker.<\/p>\n        <\/div><\/section>\n","protected":false},"excerpt":{"rendered":"<p>Orthop\u00e4dische Einlagen Basierend auf dem \u00e4rztlichen Rezept wird in einem ausf\u00fchrlichen Patientengespr\u00e4ch gekl\u00e4rt, welcher Einlagentyp und welche Materialien f\u00fcr die Korrektur der Fehlstellung ideal sind und zu Ihrem Schuhwerk passen. Danach wird ein Formabdruck Ihrer F\u00fc\u00dfe gefertigt. Mit diesen notwendigen Informationen werden Ihre Einlagen durch unseren Orthop\u00e4dietechniker individuell f\u00fcr Sie hergestellt.&nbsp; Passend zu den orthop\u00e4dischen &hellip; <a href=\"http:\/\/orthopaediehaus-jahe.de\/?page_id=2374\" class=\"more-link\">Continue reading<span class=\"screen-reader-text\"> &#8222;Orthop\u00e4dische Einlagen&#8220;<\/span><\/a><\/p>\n","protected":false},"author":1,"featured_media":0,"parent":0,"menu_order":8,"comment_status":"closed","ping_status":"closed","template":"","meta":[],"_links":{"self":[{"href":"http:\/\/orthopaediehaus-jahe.de\/index.php?rest_route=\/wp\/v2\/pages\/2374"}],"collection":[{"href":"http:\/\/orthopaediehaus-jahe.de\/index.php?rest_route=\/wp\/v2\/pages"}],"about":[{"href":"http:\/\/orthopaediehaus-jahe.de\/index.php?rest_route=\/wp\/v2\/types\/page"}],"author":[{"embeddable":true,"href":"http:\/\/orthopaediehaus-jahe.de\/index.php?rest_route=\/wp\/v2\/users\/1"}],"replies":[{"embeddable":true,"href":"http:\/\/orthopaediehaus-jahe.de\/index.php?rest_route=%2Fwp%2Fv2%2Fcomments&post=2374"}],"version-history":[{"count":1,"href":"http:\/\/orthopaediehaus-jahe.de\/index.php?rest_route=\/wp\/v2\/pages\/2374\/revisions"}],"predecessor-version":[{"id":2389,"href":"http:\/\/orthopaediehaus-jahe.de\/index.php?rest_route=\/wp\/v2\/pages\/2374\/revisions\/2389"}],"wp:attachment":[{"href":"http:\/\/orthopaediehaus-jahe.de\/index.php?rest_route=%2Fwp%2Fv2%2Fmedia&parent=2374"}],"curies":[{"name":"wp","href":"https:\/\/api.w.org\/{rel}","templated":true}]}}