{"id":2376,"date":"2019-03-13T12:56:39","date_gmt":"2019-03-13T12:56:39","guid":{"rendered":"http:\/\/orthopaediehaus-jahe.de\/?page_id=2376"},"modified":"2019-03-13T12:56:42","modified_gmt":"2019-03-13T12:56:42","slug":"orthesen-und-bandagen","status":"publish","type":"page","link":"http:\/\/orthopaediehaus-jahe.de\/?page_id=2376","title":{"rendered":"Orthesen und Bandagen"},"content":{"rendered":"\n\n    <section class=\"u-clearfix u-section-1\" id=\"sec-012c\"><div class=\"u-clearfix u-sheet u-sheet-1\">\n            <h1 class=\"u-heading-font u-text u-title u-text-1\">Orthesen und Bandagen<\/h1>\n            <p class=\"u-text u-text-2\">Ein sicheres und schmerzfreies Gehen ist f\u00fcr Menschen mit L\u00e4hmungen oder Fehlstellungen nicht selbstverst\u00e4ndlich.<\/p><img src=\"http:\/\/orthopaediehaus-jahe.de\/wp-content\/uploads\/2019\/03\/Orthese300x300_1-7.png\" alt=\"\" class=\"u-border-radius-10 u-image u-image-round u-image-1\" data-image-width=\"300\" data-image-height=\"300\"><img src=\"http:\/\/orthopaediehaus-jahe.de\/wp-content\/uploads\/2019\/03\/Orthese300x300-7.png\" alt=\"\" class=\"u-border-radius-10 u-image u-image-round u-image-2\" data-image-width=\"300\" data-image-height=\"300\">\n            <img src=\"http:\/\/orthopaediehaus-jahe.de\/wp-content\/uploads\/2019\/03\/Bandage300x300_1-7.png\" alt=\"\" class=\"u-border-radius-10 u-image u-image-round u-image-3\" data-image-width=\"300\" data-image-height=\"300\">\n            <p class=\"u-small-text u-text u-text-font u-text-variant u-text-3\">\u00a9 by Ottobock<\/p>\n            <p class=\"u-small-text u-text u-text-font u-text-variant u-text-4\">\u00a9 by Ottobock<\/p>\n            <p class=\"u-small-text u-text u-text-font u-text-variant u-text-5\">\u00a9 by Ottobock<\/p>\n            <p class=\"u-text u-text-6\">Bei der Behandlung von Verletzungen werden medizinische Bandagen verwendet. Diese verf\u00fcgen \u00fcber St\u00fctz- und F\u00fchrungselemente und werden zur Therapie von Verletzungen und Erkrankungen des Muskel- und Bandapparates eingesetzt. Orthop\u00e4dische Bandagen\n                geben Stabilit\u00e4t und Sicherheit.\n                <br>Dabei unterst\u00fctzen und korrigieren sie die Bewegungen \u2013 ohne zu st\u00f6ren oder zu behindern.\n                <br>Gute Bandagen verbinden daher die Funktion mit dem besten Tragekomfort.<\/p><img src=\"http:\/\/orthopaediehaus-jahe.de\/wp-content\/uploads\/2019\/03\/Bandage300x300_2-7.png\" alt=\"\" class=\"u-border-radius-10 u-image u-image-round u-image-4\" data-image-width=\"300\" data-image-height=\"300\"><img src=\"http:\/\/orthopaediehaus-jahe.de\/wp-content\/uploads\/2019\/03\/Bandage300x300-7.png\" alt=\"\" class=\"u-border-radius-10 u-image u-image-round u-image-5\" data-image-width=\"300\" data-image-height=\"300\">\n            <img src=\"http:\/\/orthopaediehaus-jahe.de\/wp-content\/uploads\/2019\/03\/Bandage300x300_3-7.png\" alt=\"\" class=\"u-border-radius-10 u-image u-image-round u-image-6\" data-image-width=\"300\" data-image-height=\"300\">\n            <p class=\"u-small-text u-text u-text-font u-text-variant u-text-7\">\u00a9 by Ottobock<\/p>\n            <p class=\"u-small-text u-text u-text-font u-text-variant u-text-8\">\u00a9 by Ottobock<\/p>\n            <p class=\"u-small-text u-text u-text-font u-text-variant u-text-9\">\u00a9 by Ottobock<\/p>\n            <p class=\"u-text u-text-10\">Vorbeugend eingesetzte Bandagen sch\u00fctzen die Gelenke vor etwaigen Fehl- oder \u00dcberbelastungen und helfen Schmerzen oder Verletzungen vorzubeugen.<\/p>\n        <\/div><\/section>\n","protected":false},"excerpt":{"rendered":"<p>Orthesen und Bandagen Ein sicheres und schmerzfreies Gehen ist f\u00fcr Menschen mit L\u00e4hmungen oder Fehlstellungen nicht selbstverst\u00e4ndlich. \u00a9 by Ottobock \u00a9 by Ottobock \u00a9 by Ottobock Bei der Behandlung von Verletzungen werden medizinische Bandagen verwendet. Diese verf\u00fcgen \u00fcber St\u00fctz- und F\u00fchrungselemente und werden zur Therapie von Verletzungen und Erkrankungen des Muskel- und Bandapparates eingesetzt. Orthop\u00e4dische &hellip; <a href=\"http:\/\/orthopaediehaus-jahe.de\/?page_id=2376\" class=\"more-link\">Continue reading<span class=\"screen-reader-text\"> &#8222;Orthesen und Bandagen&#8220;<\/span><\/a><\/p>\n","protected":false},"author":1,"featured_media":0,"parent":0,"menu_order":9,"comment_status":"closed","ping_status":"closed","template":"","meta":[],"_links":{"self":[{"href":"http:\/\/orthopaediehaus-jahe.de\/index.php?rest_route=\/wp\/v2\/pages\/2376"}],"collection":[{"href":"http:\/\/orthopaediehaus-jahe.de\/index.php?rest_route=\/wp\/v2\/pages"}],"about":[{"href":"http:\/\/orthopaediehaus-jahe.de\/index.php?rest_route=\/wp\/v2\/types\/page"}],"author":[{"embeddable":true,"href":"http:\/\/orthopaediehaus-jahe.de\/index.php?rest_route=\/wp\/v2\/users\/1"}],"replies":[{"embeddable":true,"href":"http:\/\/orthopaediehaus-jahe.de\/index.php?rest_route=%2Fwp%2Fv2%2Fcomments&post=2376"}],"version-history":[{"count":1,"href":"http:\/\/orthopaediehaus-jahe.de\/index.php?rest_route=\/wp\/v2\/pages\/2376\/revisions"}],"predecessor-version":[{"id":2390,"href":"http:\/\/orthopaediehaus-jahe.de\/index.php?rest_route=\/wp\/v2\/pages\/2376\/revisions\/2390"}],"wp:attachment":[{"href":"http:\/\/orthopaediehaus-jahe.de\/index.php?rest_route=%2Fwp%2Fv2%2Fmedia&parent=2376"}],"curies":[{"name":"wp","href":"https:\/\/api.w.org\/{rel}","templated":true}]}}