{"id":2380,"date":"2019-03-13T12:56:41","date_gmt":"2019-03-13T12:56:41","guid":{"rendered":"http:\/\/orthopaediehaus-jahe.de\/?page_id=2380"},"modified":"2019-03-13T12:56:42","modified_gmt":"2019-03-13T12:56:42","slug":"reha","status":"publish","type":"page","link":"http:\/\/orthopaediehaus-jahe.de\/?page_id=2380","title":{"rendered":"Reha"},"content":{"rendered":"\n\n    <section class=\"u-clearfix u-section-1\" id=\"sec-88fe\"><div class=\"u-clearfix u-sheet u-sheet-1\">\n            <h1 class=\"u-heading-font u-text u-title u-text-1\">Reha<\/h1>\n            <p class=\"u-text u-text-2\">Ob nach einem Unfall, nach einer Krankheit oder auch als chronisch kranker oder behinderter Mensch \u2013 <b>unsere Reha-Produkte helfen, Ihre Lebensqualit\u00e4t zu verbessern.<\/b> Wir bieten in unserem Haus <b>Rollatoren<\/b>, <b>Rollst\u00fchle<\/b> und\n                <b>Elektroscooter<\/b> f\u00fcr Privatversicherte und Selbstzahler.<\/p><img src=\"http:\/\/orthopaediehaus-jahe.de\/wp-content\/uploads\/2019\/03\/rollstuehl300x300-7.png\" alt=\"\" class=\"u-border-radius-10 u-image u-image-round u-image-1\" data-image-width=\"300\" data-image-height=\"300\">\n            <img src=\"http:\/\/orthopaediehaus-jahe.de\/wp-content\/uploads\/2019\/03\/rollstuehl300x300_1-7.png\" alt=\"\" class=\"u-border-radius-10 u-image u-image-round u-image-2\" data-image-width=\"300\" data-image-height=\"302\"><img src=\"http:\/\/orthopaediehaus-jahe.de\/wp-content\/uploads\/2019\/03\/rollstuehl300x300_2-7.png\" alt=\"\" class=\"u-border-radius-10 u-image u-image-round u-image-3\" data-image-width=\"300\" data-image-height=\"302\">\n            <p class=\"u-small-text u-text u-text-font u-text-variant u-text-3\">\u00a9 by Ottobock<\/p>\n            <p class=\"u-small-text u-text u-text-font u-text-variant u-text-4\">\u00a9 by Ottobock<\/p>\n            <p class=\"u-small-text u-text u-text-font u-text-variant u-text-5\">\u00a9 by Ottobock<\/p>\n        <\/div><\/section>\n","protected":false},"excerpt":{"rendered":"<p>Reha Ob nach einem Unfall, nach einer Krankheit oder auch als chronisch kranker oder behinderter Mensch \u2013 unsere Reha-Produkte helfen, Ihre Lebensqualit\u00e4t zu verbessern. Wir bieten in unserem Haus Rollatoren, Rollst\u00fchle und Elektroscooter f\u00fcr Privatversicherte und Selbstzahler. \u00a9 by Ottobock \u00a9 by Ottobock \u00a9 by Ottobock<\/p>\n","protected":false},"author":1,"featured_media":0,"parent":0,"menu_order":11,"comment_status":"closed","ping_status":"closed","template":"","meta":[],"_links":{"self":[{"href":"http:\/\/orthopaediehaus-jahe.de\/index.php?rest_route=\/wp\/v2\/pages\/2380"}],"collection":[{"href":"http:\/\/orthopaediehaus-jahe.de\/index.php?rest_route=\/wp\/v2\/pages"}],"about":[{"href":"http:\/\/orthopaediehaus-jahe.de\/index.php?rest_route=\/wp\/v2\/types\/page"}],"author":[{"embeddable":true,"href":"http:\/\/orthopaediehaus-jahe.de\/index.php?rest_route=\/wp\/v2\/users\/1"}],"replies":[{"embeddable":true,"href":"http:\/\/orthopaediehaus-jahe.de\/index.php?rest_route=%2Fwp%2Fv2%2Fcomments&post=2380"}],"version-history":[{"count":1,"href":"http:\/\/orthopaediehaus-jahe.de\/index.php?rest_route=\/wp\/v2\/pages\/2380\/revisions"}],"predecessor-version":[{"id":2392,"href":"http:\/\/orthopaediehaus-jahe.de\/index.php?rest_route=\/wp\/v2\/pages\/2380\/revisions\/2392"}],"wp:attachment":[{"href":"http:\/\/orthopaediehaus-jahe.de\/index.php?rest_route=%2Fwp%2Fv2%2Fmedia&parent=2380"}],"curies":[{"name":"wp","href":"https:\/\/api.w.org\/{rel}","templated":true}]}}